{"id":24,"date":"2025-07-24T01:57:02","date_gmt":"2025-07-24T01:57:02","guid":{"rendered":"https:\/\/yahshuaonline.com\/?page_id=24"},"modified":"2025-07-24T23:55:44","modified_gmt":"2025-07-24T23:55:44","slug":"about-us","status":"publish","type":"page","link":"https:\/\/yahshuaonline.com\/index.php\/about-us\/","title":{"rendered":"About Us"},"content":{"rendered":"<p data-start=\"116\" data-end=\"917\">We are a small, close-knit Messianic Jewish synagogue made up of five devoted families united by faith, love, and community. Rooted in the teachings of Yashua as the promised Messiah, we joyfully embrace both our Jewish heritage and the fulfillment of Hashem\u2019s promises in the New Covenant. Together, we celebrate the biblical feasts\u2014Pesach, Hanukkah, Shavuot, Sukkot, and others\u2014with deep reverence and joy, honoring their rich meaning and prophetic significance. From counting the Omer to sharing meals during Shabbat, our lives are woven together in worship, study, and fellowship. While we are a small congregation, our hearts are wide open. We warmly welcome anyone who is curious about Messianic Judaism or seeking a spiritual home rooted in Scripture, tradition, and the love of Yashua.<\/p>\n<p data-start=\"116\" data-end=\"917\">\u2014\u2014\u2014<\/p>\n<p data-start=\"116\" data-end=\"917\">Somos una peque\u00f1a y unida sinagoga mesi\u00e1nica compuesta por cinco familias devotas, unidas por la fe, el amor y la comunidad. Arraigados en las ense\u00f1anzas de Yesh\u00faa como el Mes\u00edas prometido, abrazamos con gozo tanto nuestra herencia jud\u00eda como el cumplimiento de las promesas de Hashem en el Nuevo Pacto. Celebramos con reverencia y alegr\u00eda las fiestas b\u00edblicas \u2014Pesach, Hanukkah, Shavuot, Sukkot y otras\u2014 honrando su profundo significado y su importancia prof\u00e9tica. Desde el conteo del Omer hasta compartir comidas durante Shabat, nuestras vidas est\u00e1n entretejidas en adoraci\u00f3n, estudio y compa\u00f1erismo. Aunque somos una congregaci\u00f3n peque\u00f1a, nuestros corazones est\u00e1n ampliamente abiertos. Damos una c\u00e1lida bienvenida a todo aquel que tenga curiosidad por el juda\u00edsmo mesi\u00e1nico o que est\u00e9 buscando un hogar espiritual basado en las Escrituras, la tradici\u00f3n y el amor del Mes\u00edas.<\/p>\n","protected":false},"excerpt":{"rendered":"<p>We are a small, close-knit Messianic Jewish synagogue made up of five devoted families united by faith, love, and community. Rooted in the teachings of Yashua as the promised Messiah, we joyfully embrace both our Jewish heritage and the fulfillment of Hashem\u2019s promises in the New Covenant. Together, we celebrate the biblical feasts\u2014Pesach, Hanukkah, Shavuot, [&hellip;]<\/p>\n","protected":false},"author":1,"featured_media":0,"parent":0,"menu_order":0,"comment_status":"closed","ping_status":"closed","template":"","meta":{"footnotes":""},"class_list":["post-24","page","type-page","status-publish","hentry"],"_links":{"self":[{"href":"https:\/\/yahshuaonline.com\/index.php\/wp-json\/wp\/v2\/pages\/24","targetHints":{"allow":["GET"]}}],"collection":[{"href":"https:\/\/yahshuaonline.com\/index.php\/wp-json\/wp\/v2\/pages"}],"about":[{"href":"https:\/\/yahshuaonline.com\/index.php\/wp-json\/wp\/v2\/types\/page"}],"author":[{"embeddable":true,"href":"https:\/\/yahshuaonline.com\/index.php\/wp-json\/wp\/v2\/users\/1"}],"replies":[{"embeddable":true,"href":"https:\/\/yahshuaonline.com\/index.php\/wp-json\/wp\/v2\/comments?post=24"}],"version-history":[{"count":2,"href":"https:\/\/yahshuaonline.com\/index.php\/wp-json\/wp\/v2\/pages\/24\/revisions"}],"predecessor-version":[{"id":33,"href":"https:\/\/yahshuaonline.com\/index.php\/wp-json\/wp\/v2\/pages\/24\/revisions\/33"}],"wp:attachment":[{"href":"https:\/\/yahshuaonline.com\/index.php\/wp-json\/wp\/v2\/media?parent=24"}],"curies":[{"name":"wp","href":"https:\/\/api.w.org\/{rel}","templated":true}]}}